{"id":247,"date":"2018-10-07T17:07:43","date_gmt":"2018-10-07T15:07:43","guid":{"rendered":"https:\/\/hicrypt.com\/startseite\/"},"modified":"2022-08-22T10:21:38","modified_gmt":"2022-08-22T08:21:38","slug":"startseite","status":"publish","type":"page","link":"https:\/\/hicrypt.com\/en\/","title":{"rendered":"Startpage"},"content":{"rendered":"<div class=\"wpb-content-wrapper\"><p>[vc_row][vc_column width=&#8221;2\/3&#8243;][vc_row_inner][vc_column_inner][vc_single_image image=&#8221;32&#8243; img_size=&#8221;full&#8221;][\/vc_column_inner][\/vc_row_inner][vc_row_inner][vc_column_inner width=&#8221;2\/3&#8243;][vc_column_text]<\/p>\n<h2>Basic functions of HiCrypt&#x2122;<\/h2>\n<p>\u2022 Encryption service<br \/>\n\u2022 Devices &amp; terminal servers<br \/>\n\u2022 Access for multiple persons<br \/>\n\u2022 DropBox, Google, Strato et al.<br \/>\n\u2022 Mobile access<br \/>\n\u2022 Intuitive and easy to understand<br \/>\n\u2022 Protects your feelings and values<br \/>\n\u2022 Support of individual password policies[\/vc_column_text][\/vc_column_inner][vc_column_inner width=&#8221;1\/3&#8243;][vc_single_image image=&#8221;899&#8243; img_size=&#8221;medium&#8221; onclick=&#8221;custom_link&#8221; img_link_target=&#8221;_blank&#8221; link=&#8221;https:\/\/www.teletrust.de\/en\/itsmig\/&#8221;][\/vc_column_inner][\/vc_row_inner][vc_row_inner][vc_column_inner][vc_column_text]<\/p>\n<h2>Features of HiCrypt&#x2122; 2.0<\/h2>\n<p>\u2022 2-factor authentication with USB smartcard token or smartcard[\/vc_column_text][\/vc_column_inner][\/vc_row_inner][vc_row_inner][vc_column_inner][vc_column_text]<\/p>\n<h2>HiCrypt&#x2122; is &#8220;Product of the Year 2013&#8221;!<br \/>\nAnd the winner is &#8230; HiCrypt&#x2122; &#8211; was said in the evening of November 21st 2013 in London.<\/h2>\n<p>HiCrypt&#x2122; won in the category: Cloud Security Product of the Year 2013. HiCrypt&#x2122; prevailed against seven US competitors.<\/p>\n<p><a href=\"\/files\/PM November 2013 SVC Award_en.pdf\" target=\"_blank\" rel=\"noopener\">Read the complete press release here.<\/a>[\/vc_column_text][\/vc_column_inner][\/vc_row_inner][vc_row_inner][vc_column_inner][vc_column_text]<\/p>\n<h2>HiCrypt&#x2122; 2.0 for free: free for students*<\/h2>\n<p>To share party photos via Dropbox with your friends, to store your own bachelor&#8217;s thesis on your laptop: are you sure about who else has access to your data?<br \/>\nHiCrypt&#x2122; 2.0 encrypts your data on your online storage or on your laptop. How it works? Thanks to an advanced encryption procedure only you and your authorized friends have access to the encrypted data.<\/p>\n<p>How it works:<\/p>\n<p>\u2022 Send us your valid certificate of matriculation**<br \/>\n\u2022 Get your Product Key<br \/>\n\u2022 Download HiCrypt&#x2122; 2.0[\/vc_column_text][\/vc_column_inner][\/vc_row_inner][vc_column_text el_class=&#8221;stern&#8221;]* Free for students with a valid certificate of matriculation.<br \/>\n** The easiest way is to send it by e-mail to <a href=\"mailto:vertrieb@digitronic.net\">vertrieb@digitronic.net<\/a>. Please note that we only can consider e-mails with valid certificate of matriculation.[\/vc_column_text][\/vc_column][vc_column width=&#8221;1\/3&#8243;][vc_row_inner][vc_column_inner][vc_column_text]<\/p>\n<h4>Certifications<\/h4>\n<p>[\/vc_column_text][\/vc_column_inner][\/vc_row_inner][vc_row_inner][vc_column_inner][vc_single_image image=&#8221;52&#8243; img_size=&#8221;full&#8221; alignment=&#8221;center&#8221; onclick=&#8221;custom_link&#8221; link=&#8221;\/en\/certifications\/&#8221;][\/vc_column_inner][\/vc_row_inner][vc_row_inner][vc_column_inner][vc_column_text]<\/p>\n<h4>Awards<\/h4>\n<p>[\/vc_column_text][\/vc_column_inner][\/vc_row_inner][vc_row_inner][vc_column_inner][vc_single_image image=&#8221;66&#8243; img_size=&#8221;full&#8221; alignment=&#8221;center&#8221; onclick=&#8221;custom_link&#8221; link=&#8221;\/en\/awards\/&#8221;][\/vc_column_inner][\/vc_row_inner][vc_row_inner][vc_column_inner][vc_single_image image=&#8221;38&#8243; img_size=&#8221;full&#8221; alignment=&#8221;center&#8221; onclick=&#8221;custom_link&#8221; link=&#8221;\/en\/awards\/&#8221;][\/vc_column_inner][\/vc_row_inner][vc_row_inner][vc_column_inner][vc_single_image image=&#8221;26&#8243; img_size=&#8221;full&#8221; alignment=&#8221;center&#8221; onclick=&#8221;custom_link&#8221; link=&#8221;\/en\/awards\/&#8221;][\/vc_column_inner][\/vc_row_inner][vc_row_inner][vc_column_inner][vc_single_image image=&#8221;24&#8243; img_size=&#8221;full&#8221; alignment=&#8221;center&#8221; onclick=&#8221;custom_link&#8221; link=&#8221;\/en\/awards\/&#8221;][\/vc_column_inner][\/vc_row_inner][vc_row_inner][vc_column_inner][vc_column_text]<\/p>\n<h4>References<\/h4>\n<p>[\/vc_column_text][\/vc_column_inner][\/vc_row_inner][vc_row_inner][vc_column_inner][vc_column_text]<img decoding=\"async\" class=\"alignnone size-full wp-image-56\" src=\"https:\/\/hicrypt.com\/wp-content\/uploads\/sites\/2\/2018\/11\/logo_slm.jpg\" alt=\"\" width=\"200\" height=\"34\" \/><\/p>\n<p><strong>SLM Kunststofftechnik GmbH<\/strong><br \/>\n&#8220;As a worldwide acting A supplier for Volkswagen, Audi, Porsche, Daimler-Chrysler and BMW as well as system supplier for Rehau, Peguform, Plastal our company is one of the leading system supplier. Lately we were confronted with an audit of one of the manufacturers. The requirements for the IT were focused on 2-factor-authentication and data encryption &#8230;&#8221; <a href=\"\/en\/references\/\">&#8230;more<\/a>[\/vc_column_text][\/vc_column_inner][\/vc_row_inner][\/vc_column][\/vc_row]<\/p>\n<\/div>","protected":false},"excerpt":{"rendered":"<p>[vc_row][vc_column width=&#8221;2\/3&#8243;][vc_row_inner][vc_column_inner][vc_single_image image=&#8221;32&#8243; img_size=&#8221;full&#8221;][\/vc_column_inner][\/vc_row_inner][vc_row_inner][vc_column_inner width=&#8221;2\/3&#8243;][vc_column_text] Basic functions of HiCrypt&#x2122; \u2022 Encryption service \u2022 Devices &amp; terminal servers \u2022 Access for multiple persons \u2022 DropBox, Google, Strato et al. \u2022 Mobile access \u2022 Intuitive and easy to understand \u2022 Protects your feelings and values \u2022 Support of individual password policies[\/vc_column_text][\/vc_column_inner][vc_column_inner width=&#8221;1\/3&#8243;][vc_single_image image=&#8221;899&#8243; img_size=&#8221;medium&#8221; onclick=&#8221;custom_link&#8221; img_link_target=&#8221;_blank&#8221; link=&#8221;https:\/\/www.teletrust.de\/en\/itsmig\/&#8221;][\/vc_column_inner][\/vc_row_inner][vc_row_inner][vc_column_inner][vc_column_text] &hellip; <a href=\"https:\/\/hicrypt.com\/en\/\" class=\"more-link\">Continue reading<span class=\"screen-reader-text\"> &#8220;Startpage&#8221;<\/span><\/a><\/p>\n","protected":false},"author":3,"featured_media":0,"parent":0,"menu_order":0,"comment_status":"closed","ping_status":"closed","template":"","meta":{"footnotes":""},"class_list":["post-247","page","type-page","status-publish","hentry"],"yoast_head":"<!-- This site is optimized with the Yoast SEO plugin v27.3 - https:\/\/yoast.com\/product\/yoast-seo-wordpress\/ -->\n<title>HiCrypt encryption software - digitronic<\/title>\n<meta name=\"description\" content=\"For IT security in your company: Encrypt files &amp; drives with HiCrypt - Test now 30 days free of charge!\" \/>\n<meta name=\"robots\" content=\"index, follow, max-snippet:-1, max-image-preview:large, max-video-preview:-1\" \/>\n<link rel=\"canonical\" href=\"https:\/\/hicrypt.com\/en\/\" \/>\n<meta property=\"og:locale\" content=\"en_US\" \/>\n<meta property=\"og:type\" content=\"article\" \/>\n<meta property=\"og:title\" content=\"HiCrypt encryption software - digitronic\" \/>\n<meta property=\"og:description\" content=\"For IT security in your company: Encrypt files &amp; drives with HiCrypt - Test now 30 days free of charge!\" \/>\n<meta property=\"og:url\" content=\"https:\/\/hicrypt.com\/en\/\" \/>\n<meta property=\"og:site_name\" content=\"HiCrypt\u2122 2.0\" \/>\n<meta property=\"article:modified_time\" content=\"2022-08-22T08:21:38+00:00\" \/>\n<meta property=\"og:image\" content=\"https:\/\/hicrypt.com\/wp-content\/uploads\/sites\/2\/2021\/11\/verschluesselung.jpg\" \/>\n\t<meta property=\"og:image:width\" content=\"1200\" \/>\n\t<meta property=\"og:image:height\" content=\"627\" \/>\n\t<meta property=\"og:image:type\" content=\"image\/jpeg\" \/>\n<meta name=\"twitter:card\" content=\"summary_large_image\" \/>\n<meta name=\"twitter:title\" content=\"HiCrypt encryption software - digitronic\" \/>\n<meta name=\"twitter:description\" content=\"For IT security in your company: Encrypt files &amp; drives with HiCrypt - Test now 30 days free of charge!\" \/>\n<meta name=\"twitter:image\" content=\"https:\/\/hicrypt.com\/wp-content\/uploads\/sites\/2\/2021\/11\/verschluesselung.jpg\" \/>\n<meta name=\"twitter:label1\" content=\"Est. reading time\" \/>\n\t<meta name=\"twitter:data1\" content=\"3 minutes\" \/>\n<script type=\"application\/ld+json\" class=\"yoast-schema-graph\">{\"@context\":\"https:\\\/\\\/schema.org\",\"@graph\":[{\"@type\":\"WebPage\",\"@id\":\"https:\\\/\\\/hicrypt.com\\\/en\\\/\",\"url\":\"https:\\\/\\\/hicrypt.com\\\/en\\\/\",\"name\":\"HiCrypt encryption software - digitronic\",\"isPartOf\":{\"@id\":\"https:\\\/\\\/hicrypt.com\\\/#website\"},\"primaryImageOfPage\":{\"@id\":\"https:\\\/\\\/hicrypt.com\\\/en\\\/#primaryimage\"},\"image\":{\"@id\":\"https:\\\/\\\/hicrypt.com\\\/en\\\/#primaryimage\"},\"thumbnailUrl\":\"https:\\\/\\\/hicrypt.com\\\/wp-content\\\/uploads\\\/sites\\\/2\\\/2018\\\/11\\\/logo_slm.jpg\",\"datePublished\":\"2018-10-07T15:07:43+00:00\",\"dateModified\":\"2022-08-22T08:21:38+00:00\",\"description\":\"For IT security in your company: Encrypt files & drives with HiCrypt - Test now 30 days free of charge!\",\"breadcrumb\":{\"@id\":\"https:\\\/\\\/hicrypt.com\\\/en\\\/#breadcrumb\"},\"inLanguage\":\"en-US\",\"potentialAction\":[{\"@type\":\"ReadAction\",\"target\":[\"https:\\\/\\\/hicrypt.com\\\/en\\\/\"]}]},{\"@type\":\"ImageObject\",\"inLanguage\":\"en-US\",\"@id\":\"https:\\\/\\\/hicrypt.com\\\/en\\\/#primaryimage\",\"url\":\"https:\\\/\\\/hicrypt.com\\\/wp-content\\\/uploads\\\/sites\\\/2\\\/2018\\\/11\\\/logo_slm.jpg\",\"contentUrl\":\"https:\\\/\\\/hicrypt.com\\\/wp-content\\\/uploads\\\/sites\\\/2\\\/2018\\\/11\\\/logo_slm.jpg\"},{\"@type\":\"BreadcrumbList\",\"@id\":\"https:\\\/\\\/hicrypt.com\\\/en\\\/#breadcrumb\",\"itemListElement\":[{\"@type\":\"ListItem\",\"position\":1,\"name\":\"Startseite\",\"item\":\"https:\\\/\\\/hicrypt.com\\\/en\\\/\"},{\"@type\":\"ListItem\",\"position\":2,\"name\":\"Startpage\"}]},{\"@type\":\"WebSite\",\"@id\":\"https:\\\/\\\/hicrypt.com\\\/#website\",\"url\":\"https:\\\/\\\/hicrypt.com\\\/\",\"name\":\"HiCrypt\u2122 2.0\",\"description\":\"Die revolution\u00e4re Datenverschl\u00fcsselung f\u00fcr Ihre Netzlaufwerke\",\"potentialAction\":[{\"@type\":\"SearchAction\",\"target\":{\"@type\":\"EntryPoint\",\"urlTemplate\":\"https:\\\/\\\/hicrypt.com\\\/?s={search_term_string}\"},\"query-input\":{\"@type\":\"PropertyValueSpecification\",\"valueRequired\":true,\"valueName\":\"search_term_string\"}}],\"inLanguage\":\"en-US\"}]}<\/script>\n<!-- \/ Yoast SEO plugin. -->","yoast_head_json":{"title":"HiCrypt encryption software - digitronic","description":"For IT security in your company: Encrypt files & drives with HiCrypt - Test now 30 days free of charge!","robots":{"index":"index","follow":"follow","max-snippet":"max-snippet:-1","max-image-preview":"max-image-preview:large","max-video-preview":"max-video-preview:-1"},"canonical":"https:\/\/hicrypt.com\/en\/","og_locale":"en_US","og_type":"article","og_title":"HiCrypt encryption software - digitronic","og_description":"For IT security in your company: Encrypt files & drives with HiCrypt - Test now 30 days free of charge!","og_url":"https:\/\/hicrypt.com\/en\/","og_site_name":"HiCrypt\u2122 2.0","article_modified_time":"2022-08-22T08:21:38+00:00","og_image":[{"width":1200,"height":627,"url":"https:\/\/hicrypt.com\/wp-content\/uploads\/sites\/2\/2021\/11\/verschluesselung.jpg","type":"image\/jpeg"}],"twitter_card":"summary_large_image","twitter_title":"HiCrypt encryption software - digitronic","twitter_description":"For IT security in your company: Encrypt files & drives with HiCrypt - Test now 30 days free of charge!","twitter_image":"https:\/\/hicrypt.com\/wp-content\/uploads\/sites\/2\/2021\/11\/verschluesselung.jpg","twitter_misc":{"Est. reading time":"3 minutes"},"schema":{"@context":"https:\/\/schema.org","@graph":[{"@type":"WebPage","@id":"https:\/\/hicrypt.com\/en\/","url":"https:\/\/hicrypt.com\/en\/","name":"HiCrypt encryption software - digitronic","isPartOf":{"@id":"https:\/\/hicrypt.com\/#website"},"primaryImageOfPage":{"@id":"https:\/\/hicrypt.com\/en\/#primaryimage"},"image":{"@id":"https:\/\/hicrypt.com\/en\/#primaryimage"},"thumbnailUrl":"https:\/\/hicrypt.com\/wp-content\/uploads\/sites\/2\/2018\/11\/logo_slm.jpg","datePublished":"2018-10-07T15:07:43+00:00","dateModified":"2022-08-22T08:21:38+00:00","description":"For IT security in your company: Encrypt files & drives with HiCrypt - Test now 30 days free of charge!","breadcrumb":{"@id":"https:\/\/hicrypt.com\/en\/#breadcrumb"},"inLanguage":"en-US","potentialAction":[{"@type":"ReadAction","target":["https:\/\/hicrypt.com\/en\/"]}]},{"@type":"ImageObject","inLanguage":"en-US","@id":"https:\/\/hicrypt.com\/en\/#primaryimage","url":"https:\/\/hicrypt.com\/wp-content\/uploads\/sites\/2\/2018\/11\/logo_slm.jpg","contentUrl":"https:\/\/hicrypt.com\/wp-content\/uploads\/sites\/2\/2018\/11\/logo_slm.jpg"},{"@type":"BreadcrumbList","@id":"https:\/\/hicrypt.com\/en\/#breadcrumb","itemListElement":[{"@type":"ListItem","position":1,"name":"Startseite","item":"https:\/\/hicrypt.com\/en\/"},{"@type":"ListItem","position":2,"name":"Startpage"}]},{"@type":"WebSite","@id":"https:\/\/hicrypt.com\/#website","url":"https:\/\/hicrypt.com\/","name":"HiCrypt\u2122 2.0","description":"Die revolution\u00e4re Datenverschl\u00fcsselung f\u00fcr Ihre Netzlaufwerke","potentialAction":[{"@type":"SearchAction","target":{"@type":"EntryPoint","urlTemplate":"https:\/\/hicrypt.com\/?s={search_term_string}"},"query-input":{"@type":"PropertyValueSpecification","valueRequired":true,"valueName":"search_term_string"}}],"inLanguage":"en-US"}]}},"_links":{"self":[{"href":"https:\/\/hicrypt.com\/en\/wp-json\/wp\/v2\/pages\/247","targetHints":{"allow":["GET"]}}],"collection":[{"href":"https:\/\/hicrypt.com\/en\/wp-json\/wp\/v2\/pages"}],"about":[{"href":"https:\/\/hicrypt.com\/en\/wp-json\/wp\/v2\/types\/page"}],"author":[{"embeddable":true,"href":"https:\/\/hicrypt.com\/en\/wp-json\/wp\/v2\/users\/3"}],"replies":[{"embeddable":true,"href":"https:\/\/hicrypt.com\/en\/wp-json\/wp\/v2\/comments?post=247"}],"version-history":[{"count":0,"href":"https:\/\/hicrypt.com\/en\/wp-json\/wp\/v2\/pages\/247\/revisions"}],"wp:attachment":[{"href":"https:\/\/hicrypt.com\/en\/wp-json\/wp\/v2\/media?parent=247"}],"curies":[{"name":"wp","href":"https:\/\/api.w.org\/{rel}","templated":true}]}}