{"id":255,"date":"2018-11-07T19:44:57","date_gmt":"2018-11-07T18:44:57","guid":{"rendered":"https:\/\/hicrypt.com\/?page_id=255"},"modified":"2024-08-13T10:24:04","modified_gmt":"2024-08-13T08:24:04","slug":"downloads","status":"publish","type":"page","link":"https:\/\/hicrypt.com\/en\/downloads\/","title":{"rendered":"Download"},"content":{"rendered":"<div class=\"wpb-content-wrapper\"><p>[vc_row][vc_column][vc_column_text]<\/p>\n<h1>Download<\/h1>\n<p>[\/vc_column_text][\/vc_column][\/vc_row][vc_row][vc_column width=&#8221;2\/3&#8243;][vc_column_text]Download HiCrypt&#x2122; 2.0 for free and test the software for 30 days.<\/p>\n<p>Our staff will be happy to support you during this time. So don&#8217;t just test HiCrypt&#x2122; 2.0, experience first-hand how well we serve our customers. This service is free of charge for you. To take advantage of the free support during the evaluation period, registration is required. Here you decide which data you would like to provide. This will determine what kind of support you can receive from us.<\/p>\n<p><a class=\"button\" href=\"\/en\/register\/\">Register here, download HiCrypt&#x2122; 2.0 and test support for free<\/a><\/p>\n<div class='w3eden'><!-- WPDM Link Template: Default Template -->\n\n<div class=\"link-template-default card mb-2\">\n    <div class=\"card-body\">\n        <div class=\"media\">\n            <div class=\"mr-3 img-48\"><img decoding=\"async\" class=\"wpdm_icon\" alt=\"Icon\" src=\"https:\/\/hicrypt.com\/wp-content\/plugins\/download-manager\/assets\/file-type-icons\/exe.svg\" \/><\/div>\n            <div class=\"media-body\">\n                <h3 class=\"package-title\"><a href='https:\/\/hicrypt.com\/en\/download\/hicrypt-2\/'>HiCrypt<\/a><\/h3>\n                <div class=\"text-muted text-small\"><i class=\"fas fa-copy\"><\/i> 1 file(s) <i class=\"fas fa-hdd ml-3\"><\/i> 4.81 MB<\/div>\n            <\/div>\n            <div class=\"ml-3\">\n                <a class='wpdm-download-link download-on-click btn btn-primary ' rel='nofollow' href='#' data-downloadurl=\"https:\/\/hicrypt.com\/en\/download\/hicrypt-2\/?wpdmdl=848&refresh=69e7383f0c2711776760895\">Alternatively: Download HiCrypt\u2122 2.0 without testing our support (no registration required)<\/a>\n            <\/div>\n        <\/div>\n    <\/div>\n<\/div>\n\n<\/div>\n<p>If you start the download, you accept our terms and <a href=\"\/en\/terms_and_conditions\/\" target=\"_blank\" rel=\"noopener\">conditions<\/a>, our <a href=\"\/en\/eula\/\" target=\"_blank\" rel=\"noopener\">license agreement<\/a> and our <a href=\"\/en\/privacy-policy\/\" target=\"_blank\" rel=\"noopener\">privacy policy<\/a>.<\/p>\n<p>HiCrypt&#x2122; 2.0 requires <a href=\"https:\/\/www.microsoft.com\/en-us\/download\/details.aspx?id=53345\" target=\"_blank\" rel=\"noopener\">Microsoft .NET Framework 4.6<\/a> to run on Microsoft Windows. The HiCrypt&#x2122; 2.0 installer will only run if all prerequisites are fulfilled.<\/p>\n<p>&nbsp;<\/p>\n<p><em><strong>Important note about the floating version:<\/strong><\/em><br \/>\nAs of version 2.4.4, the CodeMeter Runtime from WIBU SYSTEMS is no longer included in the HiCrypt installation package. HiCrypt requires the CodeMeter Runtime. Therefore it has to be <span style=\"text-decoration: underline;\"><em><strong>installed before the installation of HiCrypt<\/strong><\/em><\/span>. Further information can be found in the download archive of the floating version.[\/vc_column_text][\/vc_column][vc_column width=&#8221;1\/3&#8243; el_class=&#8221;download_fenster&#8221;][vc_row_inner][vc_column_inner][vc_column_text]<\/p>\n<h5><em>Product Key version<\/em><\/h5>\n<p>[\/vc_column_text][\/vc_column_inner][\/vc_row_inner][vc_row_inner][vc_column_inner width=&#8221;2\/5&#8243;][vc_column_text]File name:<br \/>\nSize:<br \/>\nVersion:<br \/>\nReleased:[\/vc_column_text][\/vc_column_inner][vc_column_inner width=&#8221;3\/5&#8243;][vc_column_text css=&#8221;&#8221;]<\/p>\n<p style=\"text-align: right;\">HiCrypt.exe<br \/>\n8,42 MB<br \/>\n2.4.9<br \/>\nAugust 13th 2024<\/p>\n<p>[\/vc_column_text][\/vc_column_inner][\/vc_row_inner][vc_row_inner][vc_column_inner][vc_column_text]<\/p>\n<h5><em>Floating version<\/em><\/h5>\n<p>[\/vc_column_text][\/vc_column_inner][\/vc_row_inner][vc_row_inner][vc_column_inner width=&#8221;2\/5&#8243;][vc_column_text]File name:<br \/>\nSize:<br \/>\nVersion:<br \/>\nReleased:[\/vc_column_text][\/vc_column_inner][vc_column_inner width=&#8221;3\/5&#8243;][vc_column_text css=&#8221;&#8221;]<\/p>\n<p style=\"text-align: right;\">HiCrypt.msi<br \/>\n8,74 MB<br \/>\n2.4.9<br \/>\nAugust 13th 2024<\/p>\n<p>[\/vc_column_text][\/vc_column_inner][\/vc_row_inner][vc_row_inner][vc_column_inner][vc_column_text]<a href=\"https:\/\/hicrypt.com\/en\/release_notes\/\">See the release notes for any changes.<\/a>[\/vc_column_text][\/vc_column_inner][\/vc_row_inner][vc_row_inner][vc_column_inner][vc_separator color=&#8221;custom&#8221; accent_color=&#8221;#cccccc&#8221;][vc_column_text]<strong>Supported operating systems:<\/strong><\/p>\n<p>Microsoft Windows 7<br \/>\nMicrosoft Windows 8<br \/>\nMicrosoft Windows 8.1<br \/>\nMicrosoft Windows 10*<br \/>\nMicrosoft Windows 11*<br \/>\nMicrosoft Windows Server 2008<br \/>\nMicrosoft Windows Server 2008 R2<br \/>\nMicrosoft Windows Server 2012<br \/>\nMicrosoft Windows Server 2012 R2<br \/>\nMicrosoft Windows Server 2016**<br \/>\nMicrosoft Windows Server 2019**<\/p>\n<p><span style=\"font-size: xx-small;\">* Depending on the use of the software, there may be restrictions (e.g. when attaching e-mail attachments via drag &amp; drop).<br \/>\n<\/span><span style=\"font-size: xx-small;\">** Currently not supported in conjunction with Secure Boot.<\/span>[\/vc_column_text][vc_separator color=&#8221;custom&#8221; accent_color=&#8221;#cccccc&#8221;][vc_column_text]<strong>Prerequisites:<\/strong><\/p>\n<p><a href=\"https:\/\/www.microsoft.com\/en-us\/download\/details.aspx?id=48137\" target=\"_blank\" rel=\"noopener\">Microsoft .NET Framework 4.6<\/a>[\/vc_column_text][vc_separator color=&#8221;custom&#8221; accent_color=&#8221;#cccccc&#8221;][vc_column_text]<strong>Additional downloads:<\/strong><\/p>\n<p><a href=\"https:\/\/hicrypt.com\/download\/hicrypt_ReadMe1st_en.txt\" target=\"_blank\" rel=\"noopener\">Read-Me-First<\/a><br \/>\n<a href=\"https:\/\/hicrypt.com\/download\/hicrypt_howto_en.pdf\" target=\"_blank\" rel=\"noopener\">Step by Step instructions<\/a><br \/>\n<strong><a href=\"https:\/\/hicrypt.com\/download\/hicrypt-floating.zip\" target=\"_blank\" rel=\"noopener\">HiCrypt (Floating)<\/a><\/strong><br \/>\n<a href=\"https:\/\/hicrypt.com\/download\/hicrypt_floating_license_howto_en.pdf\" target=\"_blank\" rel=\"noopener\">HiCrypt Floating instructions<\/a><br \/>\n<a href=\"https:\/\/hicrypt.com\/download\/hicrypt_addon_yubikey_en.pdf\">How to use YubiKey 5 with HiCrypt<\/a>[\/vc_column_text][vc_separator color=&#8221;custom&#8221; accent_color=&#8221;#cccccc&#8221;][vc_column_text]<strong>Additional information:<\/strong><\/p>\n<p><a href=\"https:\/\/hicrypt.com\/en\/faq\/\">FAQs<\/a><br \/>\n<a href=\"\/files\/Fact-Sheet-HiCrypt_ENG.pdf\" target=\"_blank\" rel=\"noopener\">Fact Sheet<\/a>[\/vc_column_text][\/vc_column_inner][\/vc_row_inner][\/vc_column][\/vc_row]<\/p>\n<\/div>","protected":false},"excerpt":{"rendered":"<p>[vc_row][vc_column][vc_column_text] Download [\/vc_column_text][\/vc_column][\/vc_row][vc_row][vc_column width=&#8221;2\/3&#8243;][vc_column_text]Download HiCrypt&#x2122; 2.0 for free and test the software for 30 days. Our staff will be happy to support you during this time. So don&#8217;t just test HiCrypt&#x2122; 2.0, experience first-hand how well we serve our customers. This service is free of charge for you. To take advantage of the free support &hellip; <a href=\"https:\/\/hicrypt.com\/en\/downloads\/\" class=\"more-link\">Continue reading<span class=\"screen-reader-text\"> &#8220;Download&#8221;<\/span><\/a><\/p>\n","protected":false},"author":3,"featured_media":0,"parent":0,"menu_order":0,"comment_status":"closed","ping_status":"closed","template":"","meta":{"footnotes":""},"class_list":["post-255","page","type-page","status-publish","hentry"],"yoast_head":"<!-- This site is optimized with the Yoast SEO plugin v27.3 - https:\/\/yoast.com\/product\/yoast-seo-wordpress\/ -->\n<title>Download - HiCrypt\u2122 2.0<\/title>\n<meta name=\"robots\" content=\"index, follow, max-snippet:-1, max-image-preview:large, max-video-preview:-1\" \/>\n<link rel=\"canonical\" href=\"https:\/\/hicrypt.com\/en\/downloads\/\" \/>\n<meta property=\"og:locale\" content=\"en_US\" \/>\n<meta property=\"og:type\" content=\"article\" \/>\n<meta property=\"og:title\" content=\"Download - HiCrypt\u2122 2.0\" \/>\n<meta property=\"og:description\" content=\"[vc_row][vc_column][vc_column_text] Download [\/vc_column_text][\/vc_column][\/vc_row][vc_row][vc_column width=&#8221;2\/3&#8243;][vc_column_text]Download HiCrypt&#x2122; 2.0 for free and test the software for 30 days. Our staff will be happy to support you during this time. So don&#8217;t just test HiCrypt&#x2122; 2.0, experience first-hand how well we serve our customers. This service is free of charge for you. To take advantage of the free support &hellip; Continue reading &quot;Download&quot;\" \/>\n<meta property=\"og:url\" content=\"https:\/\/hicrypt.com\/en\/downloads\/\" \/>\n<meta property=\"og:site_name\" content=\"HiCrypt\u2122 2.0\" \/>\n<meta property=\"article:modified_time\" content=\"2024-08-13T08:24:04+00:00\" \/>\n<meta name=\"twitter:card\" content=\"summary_large_image\" \/>\n<meta name=\"twitter:label1\" content=\"Est. reading time\" \/>\n\t<meta name=\"twitter:data1\" content=\"2 minutes\" \/>\n<script type=\"application\/ld+json\" class=\"yoast-schema-graph\">{\"@context\":\"https:\\\/\\\/schema.org\",\"@graph\":[{\"@type\":\"WebPage\",\"@id\":\"https:\\\/\\\/hicrypt.com\\\/en\\\/downloads\\\/\",\"url\":\"https:\\\/\\\/hicrypt.com\\\/en\\\/downloads\\\/\",\"name\":\"Download - HiCrypt\u2122 2.0\",\"isPartOf\":{\"@id\":\"https:\\\/\\\/hicrypt.com\\\/#website\"},\"datePublished\":\"2018-11-07T18:44:57+00:00\",\"dateModified\":\"2024-08-13T08:24:04+00:00\",\"breadcrumb\":{\"@id\":\"https:\\\/\\\/hicrypt.com\\\/en\\\/downloads\\\/#breadcrumb\"},\"inLanguage\":\"en-US\",\"potentialAction\":[{\"@type\":\"ReadAction\",\"target\":[\"https:\\\/\\\/hicrypt.com\\\/en\\\/downloads\\\/\"]}]},{\"@type\":\"BreadcrumbList\",\"@id\":\"https:\\\/\\\/hicrypt.com\\\/en\\\/downloads\\\/#breadcrumb\",\"itemListElement\":[{\"@type\":\"ListItem\",\"position\":1,\"name\":\"Startseite\",\"item\":\"https:\\\/\\\/hicrypt.com\\\/en\\\/\"},{\"@type\":\"ListItem\",\"position\":2,\"name\":\"Download\"}]},{\"@type\":\"WebSite\",\"@id\":\"https:\\\/\\\/hicrypt.com\\\/#website\",\"url\":\"https:\\\/\\\/hicrypt.com\\\/\",\"name\":\"HiCrypt\u2122 2.0\",\"description\":\"Die revolution\u00e4re Datenverschl\u00fcsselung f\u00fcr Ihre Netzlaufwerke\",\"potentialAction\":[{\"@type\":\"SearchAction\",\"target\":{\"@type\":\"EntryPoint\",\"urlTemplate\":\"https:\\\/\\\/hicrypt.com\\\/?s={search_term_string}\"},\"query-input\":{\"@type\":\"PropertyValueSpecification\",\"valueRequired\":true,\"valueName\":\"search_term_string\"}}],\"inLanguage\":\"en-US\"}]}<\/script>\n<!-- \/ Yoast SEO plugin. -->","yoast_head_json":{"title":"Download - HiCrypt\u2122 2.0","robots":{"index":"index","follow":"follow","max-snippet":"max-snippet:-1","max-image-preview":"max-image-preview:large","max-video-preview":"max-video-preview:-1"},"canonical":"https:\/\/hicrypt.com\/en\/downloads\/","og_locale":"en_US","og_type":"article","og_title":"Download - HiCrypt\u2122 2.0","og_description":"[vc_row][vc_column][vc_column_text] Download [\/vc_column_text][\/vc_column][\/vc_row][vc_row][vc_column width=&#8221;2\/3&#8243;][vc_column_text]Download HiCrypt&#x2122; 2.0 for free and test the software for 30 days. Our staff will be happy to support you during this time. So don&#8217;t just test HiCrypt&#x2122; 2.0, experience first-hand how well we serve our customers. This service is free of charge for you. To take advantage of the free support &hellip; Continue reading \"Download\"","og_url":"https:\/\/hicrypt.com\/en\/downloads\/","og_site_name":"HiCrypt\u2122 2.0","article_modified_time":"2024-08-13T08:24:04+00:00","twitter_card":"summary_large_image","twitter_misc":{"Est. reading time":"2 minutes"},"schema":{"@context":"https:\/\/schema.org","@graph":[{"@type":"WebPage","@id":"https:\/\/hicrypt.com\/en\/downloads\/","url":"https:\/\/hicrypt.com\/en\/downloads\/","name":"Download - HiCrypt\u2122 2.0","isPartOf":{"@id":"https:\/\/hicrypt.com\/#website"},"datePublished":"2018-11-07T18:44:57+00:00","dateModified":"2024-08-13T08:24:04+00:00","breadcrumb":{"@id":"https:\/\/hicrypt.com\/en\/downloads\/#breadcrumb"},"inLanguage":"en-US","potentialAction":[{"@type":"ReadAction","target":["https:\/\/hicrypt.com\/en\/downloads\/"]}]},{"@type":"BreadcrumbList","@id":"https:\/\/hicrypt.com\/en\/downloads\/#breadcrumb","itemListElement":[{"@type":"ListItem","position":1,"name":"Startseite","item":"https:\/\/hicrypt.com\/en\/"},{"@type":"ListItem","position":2,"name":"Download"}]},{"@type":"WebSite","@id":"https:\/\/hicrypt.com\/#website","url":"https:\/\/hicrypt.com\/","name":"HiCrypt\u2122 2.0","description":"Die revolution\u00e4re Datenverschl\u00fcsselung f\u00fcr Ihre Netzlaufwerke","potentialAction":[{"@type":"SearchAction","target":{"@type":"EntryPoint","urlTemplate":"https:\/\/hicrypt.com\/?s={search_term_string}"},"query-input":{"@type":"PropertyValueSpecification","valueRequired":true,"valueName":"search_term_string"}}],"inLanguage":"en-US"}]}},"_links":{"self":[{"href":"https:\/\/hicrypt.com\/en\/wp-json\/wp\/v2\/pages\/255","targetHints":{"allow":["GET"]}}],"collection":[{"href":"https:\/\/hicrypt.com\/en\/wp-json\/wp\/v2\/pages"}],"about":[{"href":"https:\/\/hicrypt.com\/en\/wp-json\/wp\/v2\/types\/page"}],"author":[{"embeddable":true,"href":"https:\/\/hicrypt.com\/en\/wp-json\/wp\/v2\/users\/3"}],"replies":[{"embeddable":true,"href":"https:\/\/hicrypt.com\/en\/wp-json\/wp\/v2\/comments?post=255"}],"version-history":[{"count":4,"href":"https:\/\/hicrypt.com\/en\/wp-json\/wp\/v2\/pages\/255\/revisions"}],"predecessor-version":[{"id":1144,"href":"https:\/\/hicrypt.com\/en\/wp-json\/wp\/v2\/pages\/255\/revisions\/1144"}],"wp:attachment":[{"href":"https:\/\/hicrypt.com\/en\/wp-json\/wp\/v2\/media?parent=255"}],"curies":[{"name":"wp","href":"https:\/\/api.w.org\/{rel}","templated":true}]}}