{"id":257,"date":"2018-11-07T19:54:26","date_gmt":"2018-11-07T18:54:26","guid":{"rendered":"https:\/\/hicrypt.com\/?page_id=257"},"modified":"2018-11-07T19:54:26","modified_gmt":"2018-11-07T18:54:26","slug":"tutorials","status":"publish","type":"page","link":"https:\/\/hicrypt.com\/en\/tutorials\/","title":{"rendered":"Tutorials"},"content":{"rendered":"<div class=\"wpb-content-wrapper\"><p>[vc_row][vc_column][vc_column_text]<\/p>\n<h1>How to<\/h1>\n<p>[\/vc_column_text][\/vc_column][\/vc_row][vc_row][vc_column width=&#8221;1\/3&#8243;][vc_single_image image=&#8221;110&#8243; img_size=&#8221;large&#8221; onclick=&#8221;custom_link&#8221; img_link_target=&#8221;_blank&#8221; link=&#8221;https:\/\/www.youtube.com\/watch?v=h4jrh81OI4k&#8221; el_class=&#8221;bild_rahmen&#8221;][\/vc_column][vc_column width=&#8221;2\/3&#8243;][vc_column_text]<\/p>\n<h3>How HiCrypt&#x2122; 2.0 works (german)<\/h3>\n<p>Learn how HiCrypt&#x2122; 2.0 works and which changes it will make for the user and which advantages you will have with our software.<\/p>\n<p><a href=\"https:\/\/www.youtube.com\/watch?v=h4jrh81OI4k\" target=\"_blank\" rel=\"noopener\">\u00bb Watch video now<\/a>[\/vc_column_text][\/vc_column][\/vc_row][vc_row][vc_column][vc_separator color=&#8221;custom&#8221; accent_color=&#8221;#cccccc&#8221;][\/vc_column][\/vc_row][vc_row][vc_column width=&#8221;1\/3&#8243;][vc_single_image image=&#8221;112&#8243; img_size=&#8221;large&#8221; onclick=&#8221;custom_link&#8221; img_link_target=&#8221;_blank&#8221; link=&#8221;https:\/\/www.youtube.com\/watch?v=7CvYN0Ekw3k&#8221; el_class=&#8221;bild_rahmen&#8221;][\/vc_column][vc_column width=&#8221;2\/3&#8243;][vc_column_text]<\/p>\n<h3>How to set up HiCrypt&#x2122; 2.0 (german)<\/h3>\n<p>Learn how easy it is to set up HiCrypt&#x2122; 2.0. It only needs a few steps to install and configure HiCrypt&#x2122; 2.0 on your computer.<\/p>\n<p><a href=\"https:\/\/www.youtube.com\/watch?v=7CvYN0Ekw3k\" target=\"_blank\" rel=\"noopener\">\u00bb Watch video now<\/a>[\/vc_column_text][\/vc_column][\/vc_row][vc_row][vc_column][vc_separator color=&#8221;custom&#8221; accent_color=&#8221;#cccccc&#8221;][\/vc_column][\/vc_row]<\/p>\n<\/div>","protected":false},"excerpt":{"rendered":"<p>[vc_row][vc_column][vc_column_text] How to [\/vc_column_text][\/vc_column][\/vc_row][vc_row][vc_column width=&#8221;1\/3&#8243;][vc_single_image image=&#8221;110&#8243; img_size=&#8221;large&#8221; onclick=&#8221;custom_link&#8221; img_link_target=&#8221;_blank&#8221; link=&#8221;https:\/\/www.youtube.com\/watch?v=h4jrh81OI4k&#8221; el_class=&#8221;bild_rahmen&#8221;][\/vc_column][vc_column width=&#8221;2\/3&#8243;][vc_column_text] How HiCrypt&#x2122; 2.0 works (german) Learn how HiCrypt&#x2122; 2.0 works and which changes it will make for the user and which advantages you will have with our software. \u00bb Watch video now[\/vc_column_text][\/vc_column][\/vc_row][vc_row][vc_column][vc_separator color=&#8221;custom&#8221; accent_color=&#8221;#cccccc&#8221;][\/vc_column][\/vc_row][vc_row][vc_column width=&#8221;1\/3&#8243;][vc_single_image image=&#8221;112&#8243; img_size=&#8221;large&#8221; onclick=&#8221;custom_link&#8221; img_link_target=&#8221;_blank&#8221; link=&#8221;https:\/\/www.youtube.com\/watch?v=7CvYN0Ekw3k&#8221; el_class=&#8221;bild_rahmen&#8221;][\/vc_column][vc_column width=&#8221;2\/3&#8243;][vc_column_text] How &hellip; <a href=\"https:\/\/hicrypt.com\/en\/tutorials\/\" class=\"more-link\">Continue reading<span class=\"screen-reader-text\"> &#8220;Tutorials&#8221;<\/span><\/a><\/p>\n","protected":false},"author":3,"featured_media":0,"parent":0,"menu_order":0,"comment_status":"closed","ping_status":"closed","template":"","meta":{"footnotes":""},"class_list":["post-257","page","type-page","status-publish","hentry"],"yoast_head":"<!-- This site is optimized with the Yoast SEO plugin v27.3 - https:\/\/yoast.com\/product\/yoast-seo-wordpress\/ -->\n<title>Tutorials - HiCrypt\u2122 2.0<\/title>\n<meta name=\"robots\" content=\"index, follow, max-snippet:-1, max-image-preview:large, max-video-preview:-1\" \/>\n<link rel=\"canonical\" href=\"https:\/\/hicrypt.com\/en\/tutorials\/\" \/>\n<meta property=\"og:locale\" content=\"en_US\" \/>\n<meta property=\"og:type\" content=\"article\" \/>\n<meta property=\"og:title\" content=\"Tutorials - HiCrypt\u2122 2.0\" \/>\n<meta property=\"og:description\" content=\"[vc_row][vc_column][vc_column_text] How to [\/vc_column_text][\/vc_column][\/vc_row][vc_row][vc_column width=&#8221;1\/3&#8243;][vc_single_image image=&#8221;110&#8243; img_size=&#8221;large&#8221; onclick=&#8221;custom_link&#8221; img_link_target=&#8221;_blank&#8221; link=&#8221;https:\/\/www.youtube.com\/watch?v=h4jrh81OI4k&#8221; el_class=&#8221;bild_rahmen&#8221;][\/vc_column][vc_column width=&#8221;2\/3&#8243;][vc_column_text] How HiCrypt&#x2122; 2.0 works (german) Learn how HiCrypt&#x2122; 2.0 works and which changes it will make for the user and which advantages you will have with our software. \u00bb Watch video now[\/vc_column_text][\/vc_column][\/vc_row][vc_row][vc_column][vc_separator color=&#8221;custom&#8221; accent_color=&#8221;#cccccc&#8221;][\/vc_column][\/vc_row][vc_row][vc_column width=&#8221;1\/3&#8243;][vc_single_image image=&#8221;112&#8243; img_size=&#8221;large&#8221; onclick=&#8221;custom_link&#8221; img_link_target=&#8221;_blank&#8221; link=&#8221;https:\/\/www.youtube.com\/watch?v=7CvYN0Ekw3k&#8221; el_class=&#8221;bild_rahmen&#8221;][\/vc_column][vc_column width=&#8221;2\/3&#8243;][vc_column_text] How &hellip; Continue reading &quot;Tutorials&quot;\" \/>\n<meta property=\"og:url\" content=\"https:\/\/hicrypt.com\/en\/tutorials\/\" \/>\n<meta property=\"og:site_name\" content=\"HiCrypt\u2122 2.0\" \/>\n<meta name=\"twitter:card\" content=\"summary_large_image\" \/>\n<meta name=\"twitter:label1\" content=\"Est. reading time\" \/>\n\t<meta name=\"twitter:data1\" content=\"1 minute\" \/>\n<script type=\"application\/ld+json\" class=\"yoast-schema-graph\">{\"@context\":\"https:\\\/\\\/schema.org\",\"@graph\":[{\"@type\":\"WebPage\",\"@id\":\"https:\\\/\\\/hicrypt.com\\\/en\\\/tutorials\\\/\",\"url\":\"https:\\\/\\\/hicrypt.com\\\/en\\\/tutorials\\\/\",\"name\":\"Tutorials - HiCrypt\u2122 2.0\",\"isPartOf\":{\"@id\":\"https:\\\/\\\/hicrypt.com\\\/#website\"},\"datePublished\":\"2018-11-07T18:54:26+00:00\",\"breadcrumb\":{\"@id\":\"https:\\\/\\\/hicrypt.com\\\/en\\\/tutorials\\\/#breadcrumb\"},\"inLanguage\":\"en-US\",\"potentialAction\":[{\"@type\":\"ReadAction\",\"target\":[\"https:\\\/\\\/hicrypt.com\\\/en\\\/tutorials\\\/\"]}]},{\"@type\":\"BreadcrumbList\",\"@id\":\"https:\\\/\\\/hicrypt.com\\\/en\\\/tutorials\\\/#breadcrumb\",\"itemListElement\":[{\"@type\":\"ListItem\",\"position\":1,\"name\":\"Startseite\",\"item\":\"https:\\\/\\\/hicrypt.com\\\/en\\\/\"},{\"@type\":\"ListItem\",\"position\":2,\"name\":\"Tutorials\"}]},{\"@type\":\"WebSite\",\"@id\":\"https:\\\/\\\/hicrypt.com\\\/#website\",\"url\":\"https:\\\/\\\/hicrypt.com\\\/\",\"name\":\"HiCrypt\u2122 2.0\",\"description\":\"Die revolution\u00e4re Datenverschl\u00fcsselung f\u00fcr Ihre Netzlaufwerke\",\"potentialAction\":[{\"@type\":\"SearchAction\",\"target\":{\"@type\":\"EntryPoint\",\"urlTemplate\":\"https:\\\/\\\/hicrypt.com\\\/?s={search_term_string}\"},\"query-input\":{\"@type\":\"PropertyValueSpecification\",\"valueRequired\":true,\"valueName\":\"search_term_string\"}}],\"inLanguage\":\"en-US\"}]}<\/script>\n<!-- \/ Yoast SEO plugin. -->","yoast_head_json":{"title":"Tutorials - HiCrypt\u2122 2.0","robots":{"index":"index","follow":"follow","max-snippet":"max-snippet:-1","max-image-preview":"max-image-preview:large","max-video-preview":"max-video-preview:-1"},"canonical":"https:\/\/hicrypt.com\/en\/tutorials\/","og_locale":"en_US","og_type":"article","og_title":"Tutorials - HiCrypt\u2122 2.0","og_description":"[vc_row][vc_column][vc_column_text] How to [\/vc_column_text][\/vc_column][\/vc_row][vc_row][vc_column width=&#8221;1\/3&#8243;][vc_single_image image=&#8221;110&#8243; img_size=&#8221;large&#8221; onclick=&#8221;custom_link&#8221; img_link_target=&#8221;_blank&#8221; link=&#8221;https:\/\/www.youtube.com\/watch?v=h4jrh81OI4k&#8221; el_class=&#8221;bild_rahmen&#8221;][\/vc_column][vc_column width=&#8221;2\/3&#8243;][vc_column_text] How HiCrypt&#x2122; 2.0 works (german) Learn how HiCrypt&#x2122; 2.0 works and which changes it will make for the user and which advantages you will have with our software. \u00bb Watch video now[\/vc_column_text][\/vc_column][\/vc_row][vc_row][vc_column][vc_separator color=&#8221;custom&#8221; accent_color=&#8221;#cccccc&#8221;][\/vc_column][\/vc_row][vc_row][vc_column width=&#8221;1\/3&#8243;][vc_single_image image=&#8221;112&#8243; img_size=&#8221;large&#8221; onclick=&#8221;custom_link&#8221; img_link_target=&#8221;_blank&#8221; link=&#8221;https:\/\/www.youtube.com\/watch?v=7CvYN0Ekw3k&#8221; el_class=&#8221;bild_rahmen&#8221;][\/vc_column][vc_column width=&#8221;2\/3&#8243;][vc_column_text] How &hellip; Continue reading \"Tutorials\"","og_url":"https:\/\/hicrypt.com\/en\/tutorials\/","og_site_name":"HiCrypt\u2122 2.0","twitter_card":"summary_large_image","twitter_misc":{"Est. reading time":"1 minute"},"schema":{"@context":"https:\/\/schema.org","@graph":[{"@type":"WebPage","@id":"https:\/\/hicrypt.com\/en\/tutorials\/","url":"https:\/\/hicrypt.com\/en\/tutorials\/","name":"Tutorials - HiCrypt\u2122 2.0","isPartOf":{"@id":"https:\/\/hicrypt.com\/#website"},"datePublished":"2018-11-07T18:54:26+00:00","breadcrumb":{"@id":"https:\/\/hicrypt.com\/en\/tutorials\/#breadcrumb"},"inLanguage":"en-US","potentialAction":[{"@type":"ReadAction","target":["https:\/\/hicrypt.com\/en\/tutorials\/"]}]},{"@type":"BreadcrumbList","@id":"https:\/\/hicrypt.com\/en\/tutorials\/#breadcrumb","itemListElement":[{"@type":"ListItem","position":1,"name":"Startseite","item":"https:\/\/hicrypt.com\/en\/"},{"@type":"ListItem","position":2,"name":"Tutorials"}]},{"@type":"WebSite","@id":"https:\/\/hicrypt.com\/#website","url":"https:\/\/hicrypt.com\/","name":"HiCrypt\u2122 2.0","description":"Die revolution\u00e4re Datenverschl\u00fcsselung f\u00fcr Ihre Netzlaufwerke","potentialAction":[{"@type":"SearchAction","target":{"@type":"EntryPoint","urlTemplate":"https:\/\/hicrypt.com\/?s={search_term_string}"},"query-input":{"@type":"PropertyValueSpecification","valueRequired":true,"valueName":"search_term_string"}}],"inLanguage":"en-US"}]}},"_links":{"self":[{"href":"https:\/\/hicrypt.com\/en\/wp-json\/wp\/v2\/pages\/257","targetHints":{"allow":["GET"]}}],"collection":[{"href":"https:\/\/hicrypt.com\/en\/wp-json\/wp\/v2\/pages"}],"about":[{"href":"https:\/\/hicrypt.com\/en\/wp-json\/wp\/v2\/types\/page"}],"author":[{"embeddable":true,"href":"https:\/\/hicrypt.com\/en\/wp-json\/wp\/v2\/users\/3"}],"replies":[{"embeddable":true,"href":"https:\/\/hicrypt.com\/en\/wp-json\/wp\/v2\/comments?post=257"}],"version-history":[{"count":0,"href":"https:\/\/hicrypt.com\/en\/wp-json\/wp\/v2\/pages\/257\/revisions"}],"wp:attachment":[{"href":"https:\/\/hicrypt.com\/en\/wp-json\/wp\/v2\/media?parent=257"}],"curies":[{"name":"wp","href":"https:\/\/api.w.org\/{rel}","templated":true}]}}