{"id":300,"date":"2018-11-07T00:07:02","date_gmt":"2018-11-06T23:07:02","guid":{"rendered":"https:\/\/hicrypt.com\/auszeichnungen_und_preise\/"},"modified":"2018-11-07T22:30:32","modified_gmt":"2018-11-07T21:30:32","slug":"awards","status":"publish","type":"page","link":"https:\/\/hicrypt.com\/en\/awards\/","title":{"rendered":"Awards"},"content":{"rendered":"<div class=\"wpb-content-wrapper\"><p>[vc_row][vc_column][vc_column_text]<\/p>\n<h1>Awards<\/h1>\n<p>[\/vc_column_text][\/vc_column][\/vc_row][vc_row][vc_column][vc_row_inner][vc_column_inner width=&#8221;1\/4&#8243;][vc_single_image image=&#8221;26&#8243; img_size=&#8221;medium&#8221;][\/vc_column_inner][vc_column_inner width=&#8221;3\/4&#8243;][vc_column_text]<\/p>\n<h5>DCS Awards 2014<\/h5>\n<p>HiCrypt&#x2122; 2.0 as Runner-up in the categorie <strong>Datacentre ICT Security Product of the Year<\/strong><\/p>\n<p><a href=\"http:\/\/www.dcsawards.com\/winners2014.php\" target=\"_blank\" rel=\"noopener\">The winner list can be found here.<\/a>[\/vc_column_text][\/vc_column_inner][\/vc_row_inner][vc_separator color=&#8221;custom&#8221; accent_color=&#8221;#cccccc&#8221;][\/vc_column][\/vc_row][vc_row][vc_column][vc_row_inner][vc_column_inner width=&#8221;1\/4&#8243;][vc_single_image image=&#8221;24&#8243; img_size=&#8221;medium&#8221;][\/vc_column_inner][vc_column_inner width=&#8221;3\/4&#8243;][vc_column_text]<\/p>\n<h5>SVC Awards 2013<\/h5>\n<p>HiCrypt&#x2122; 2.0 is <strong>Product of the Year 2013<\/strong> in the categorie <strong>Cloud Security<\/strong>.<\/p>\n<p><a href=\"http:\/\/www.svcawards.com\/2013\/winners2013.php\" target=\"_blank\" rel=\"noopener\">The winner list can be found here.<\/a>[\/vc_column_text][\/vc_column_inner][\/vc_row_inner][vc_separator color=&#8221;custom&#8221; accent_color=&#8221;#cccccc&#8221;][\/vc_column][\/vc_row][vc_row][vc_column][vc_row_inner][vc_column_inner width=&#8221;1\/4&#8243;][vc_single_image image=&#8221;34&#8243; img_size=&#8221;medium&#8221;][\/vc_column_inner][vc_column_inner width=&#8221;3\/4&#8243;][vc_column_text]<\/p>\n<h5>Innovation Award 2013<\/h5>\n<p>HiCrypt&#x2122; 2.0 was nominated for the <strong>Innovation Award 2013<\/strong> with a <strong>top ten placement<\/strong>.<\/p>\n<p><a href=\"https:\/\/www.futuresax.de\/innovationspreis\/nominierte\" target=\"_blank\" rel=\"noopener\">Here are the 12 nominies.<\/a> <a href=\"https:\/\/www.youtube.com\/watch?v=-dBUpSOiFV0\" target=\"_blank\" rel=\"noopener\">The video clip about HiCrypt&#x2122; 2.0 (german) can be found here.<\/a>[\/vc_column_text][\/vc_column_inner][\/vc_row_inner][vc_separator color=&#8221;custom&#8221; accent_color=&#8221;#cccccc&#8221;][\/vc_column][\/vc_row][vc_row][vc_column][vc_row_inner][vc_column_inner width=&#8221;1\/4&#8243;][vc_single_image image=&#8221;22&#8243; img_size=&#8221;medium&#8221;][\/vc_column_inner][vc_column_inner width=&#8221;3\/4&#8243;][vc_column_text]<\/p>\n<h5>BEST OF 2013<\/h5>\n<p>HiCrypt&#x2122; 2.0 got the popular predicate <strong>BEST OF 2013\u00a0<\/strong>which will be awarded from the <strong>Initiative Mittelstand<\/strong> every year.<\/p>\n<p><a href=\"http:\/\/www.imittelstand.de\/innovationspreis-it\/2013\" target=\"_blank\" rel=\"noopener\">Additional information can be found here.<\/a>[\/vc_column_text][\/vc_column_inner][\/vc_row_inner][vc_separator color=&#8221;custom&#8221; accent_color=&#8221;#cccccc&#8221;][\/vc_column][\/vc_row]<\/p>\n<\/div>","protected":false},"excerpt":{"rendered":"<p>[vc_row][vc_column][vc_column_text] Awards [\/vc_column_text][\/vc_column][\/vc_row][vc_row][vc_column][vc_row_inner][vc_column_inner width=&#8221;1\/4&#8243;][vc_single_image image=&#8221;26&#8243; img_size=&#8221;medium&#8221;][\/vc_column_inner][vc_column_inner width=&#8221;3\/4&#8243;][vc_column_text] DCS Awards 2014 HiCrypt&#x2122; 2.0 as Runner-up in the categorie Datacentre ICT Security Product of the Year The winner list can be found here.[\/vc_column_text][\/vc_column_inner][\/vc_row_inner][vc_separator color=&#8221;custom&#8221; accent_color=&#8221;#cccccc&#8221;][\/vc_column][\/vc_row][vc_row][vc_column][vc_row_inner][vc_column_inner width=&#8221;1\/4&#8243;][vc_single_image image=&#8221;24&#8243; img_size=&#8221;medium&#8221;][\/vc_column_inner][vc_column_inner width=&#8221;3\/4&#8243;][vc_column_text] SVC Awards 2013 HiCrypt&#x2122; 2.0 is Product of the Year 2013 in the categorie Cloud Security. The winner &hellip; <a href=\"https:\/\/hicrypt.com\/en\/awards\/\" class=\"more-link\">Continue reading<span class=\"screen-reader-text\"> &#8220;Awards&#8221;<\/span><\/a><\/p>\n","protected":false},"author":3,"featured_media":0,"parent":0,"menu_order":0,"comment_status":"closed","ping_status":"closed","template":"","meta":{"footnotes":""},"class_list":["post-300","page","type-page","status-publish","hentry"],"yoast_head":"<!-- This site is optimized with the Yoast SEO plugin v27.3 - https:\/\/yoast.com\/product\/yoast-seo-wordpress\/ -->\n<title>Awards - HiCrypt\u2122 2.0<\/title>\n<meta name=\"robots\" content=\"index, follow, max-snippet:-1, max-image-preview:large, max-video-preview:-1\" \/>\n<link rel=\"canonical\" href=\"https:\/\/hicrypt.com\/en\/awards\/\" \/>\n<meta property=\"og:locale\" content=\"en_US\" \/>\n<meta property=\"og:type\" content=\"article\" \/>\n<meta property=\"og:title\" content=\"Awards - HiCrypt\u2122 2.0\" \/>\n<meta property=\"og:description\" content=\"[vc_row][vc_column][vc_column_text] Awards [\/vc_column_text][\/vc_column][\/vc_row][vc_row][vc_column][vc_row_inner][vc_column_inner width=&#8221;1\/4&#8243;][vc_single_image image=&#8221;26&#8243; img_size=&#8221;medium&#8221;][\/vc_column_inner][vc_column_inner width=&#8221;3\/4&#8243;][vc_column_text] DCS Awards 2014 HiCrypt&#x2122; 2.0 as Runner-up in the categorie Datacentre ICT Security Product of the Year The winner list can be found here.[\/vc_column_text][\/vc_column_inner][\/vc_row_inner][vc_separator color=&#8221;custom&#8221; accent_color=&#8221;#cccccc&#8221;][\/vc_column][\/vc_row][vc_row][vc_column][vc_row_inner][vc_column_inner width=&#8221;1\/4&#8243;][vc_single_image image=&#8221;24&#8243; img_size=&#8221;medium&#8221;][\/vc_column_inner][vc_column_inner width=&#8221;3\/4&#8243;][vc_column_text] SVC Awards 2013 HiCrypt&#x2122; 2.0 is Product of the Year 2013 in the categorie Cloud Security. The winner &hellip; Continue reading &quot;Awards&quot;\" \/>\n<meta property=\"og:url\" content=\"https:\/\/hicrypt.com\/en\/awards\/\" \/>\n<meta property=\"og:site_name\" content=\"HiCrypt\u2122 2.0\" \/>\n<meta property=\"article:modified_time\" content=\"2018-11-07T21:30:32+00:00\" \/>\n<meta name=\"twitter:card\" content=\"summary_large_image\" \/>\n<meta name=\"twitter:label1\" content=\"Est. reading time\" \/>\n\t<meta name=\"twitter:data1\" content=\"2 minutes\" \/>\n<script type=\"application\/ld+json\" class=\"yoast-schema-graph\">{\"@context\":\"https:\\\/\\\/schema.org\",\"@graph\":[{\"@type\":\"WebPage\",\"@id\":\"https:\\\/\\\/hicrypt.com\\\/en\\\/awards\\\/\",\"url\":\"https:\\\/\\\/hicrypt.com\\\/en\\\/awards\\\/\",\"name\":\"Awards - HiCrypt\u2122 2.0\",\"isPartOf\":{\"@id\":\"https:\\\/\\\/hicrypt.com\\\/#website\"},\"datePublished\":\"2018-11-06T23:07:02+00:00\",\"dateModified\":\"2018-11-07T21:30:32+00:00\",\"breadcrumb\":{\"@id\":\"https:\\\/\\\/hicrypt.com\\\/en\\\/awards\\\/#breadcrumb\"},\"inLanguage\":\"en-US\",\"potentialAction\":[{\"@type\":\"ReadAction\",\"target\":[\"https:\\\/\\\/hicrypt.com\\\/en\\\/awards\\\/\"]}]},{\"@type\":\"BreadcrumbList\",\"@id\":\"https:\\\/\\\/hicrypt.com\\\/en\\\/awards\\\/#breadcrumb\",\"itemListElement\":[{\"@type\":\"ListItem\",\"position\":1,\"name\":\"Startseite\",\"item\":\"https:\\\/\\\/hicrypt.com\\\/en\\\/\"},{\"@type\":\"ListItem\",\"position\":2,\"name\":\"Awards\"}]},{\"@type\":\"WebSite\",\"@id\":\"https:\\\/\\\/hicrypt.com\\\/#website\",\"url\":\"https:\\\/\\\/hicrypt.com\\\/\",\"name\":\"HiCrypt\u2122 2.0\",\"description\":\"Die revolution\u00e4re Datenverschl\u00fcsselung f\u00fcr Ihre Netzlaufwerke\",\"potentialAction\":[{\"@type\":\"SearchAction\",\"target\":{\"@type\":\"EntryPoint\",\"urlTemplate\":\"https:\\\/\\\/hicrypt.com\\\/?s={search_term_string}\"},\"query-input\":{\"@type\":\"PropertyValueSpecification\",\"valueRequired\":true,\"valueName\":\"search_term_string\"}}],\"inLanguage\":\"en-US\"}]}<\/script>\n<!-- \/ Yoast SEO plugin. -->","yoast_head_json":{"title":"Awards - HiCrypt\u2122 2.0","robots":{"index":"index","follow":"follow","max-snippet":"max-snippet:-1","max-image-preview":"max-image-preview:large","max-video-preview":"max-video-preview:-1"},"canonical":"https:\/\/hicrypt.com\/en\/awards\/","og_locale":"en_US","og_type":"article","og_title":"Awards - HiCrypt\u2122 2.0","og_description":"[vc_row][vc_column][vc_column_text] Awards [\/vc_column_text][\/vc_column][\/vc_row][vc_row][vc_column][vc_row_inner][vc_column_inner width=&#8221;1\/4&#8243;][vc_single_image image=&#8221;26&#8243; img_size=&#8221;medium&#8221;][\/vc_column_inner][vc_column_inner width=&#8221;3\/4&#8243;][vc_column_text] DCS Awards 2014 HiCrypt&#x2122; 2.0 as Runner-up in the categorie Datacentre ICT Security Product of the Year The winner list can be found here.[\/vc_column_text][\/vc_column_inner][\/vc_row_inner][vc_separator color=&#8221;custom&#8221; accent_color=&#8221;#cccccc&#8221;][\/vc_column][\/vc_row][vc_row][vc_column][vc_row_inner][vc_column_inner width=&#8221;1\/4&#8243;][vc_single_image image=&#8221;24&#8243; img_size=&#8221;medium&#8221;][\/vc_column_inner][vc_column_inner width=&#8221;3\/4&#8243;][vc_column_text] SVC Awards 2013 HiCrypt&#x2122; 2.0 is Product of the Year 2013 in the categorie Cloud Security. The winner &hellip; Continue reading \"Awards\"","og_url":"https:\/\/hicrypt.com\/en\/awards\/","og_site_name":"HiCrypt\u2122 2.0","article_modified_time":"2018-11-07T21:30:32+00:00","twitter_card":"summary_large_image","twitter_misc":{"Est. reading time":"2 minutes"},"schema":{"@context":"https:\/\/schema.org","@graph":[{"@type":"WebPage","@id":"https:\/\/hicrypt.com\/en\/awards\/","url":"https:\/\/hicrypt.com\/en\/awards\/","name":"Awards - HiCrypt\u2122 2.0","isPartOf":{"@id":"https:\/\/hicrypt.com\/#website"},"datePublished":"2018-11-06T23:07:02+00:00","dateModified":"2018-11-07T21:30:32+00:00","breadcrumb":{"@id":"https:\/\/hicrypt.com\/en\/awards\/#breadcrumb"},"inLanguage":"en-US","potentialAction":[{"@type":"ReadAction","target":["https:\/\/hicrypt.com\/en\/awards\/"]}]},{"@type":"BreadcrumbList","@id":"https:\/\/hicrypt.com\/en\/awards\/#breadcrumb","itemListElement":[{"@type":"ListItem","position":1,"name":"Startseite","item":"https:\/\/hicrypt.com\/en\/"},{"@type":"ListItem","position":2,"name":"Awards"}]},{"@type":"WebSite","@id":"https:\/\/hicrypt.com\/#website","url":"https:\/\/hicrypt.com\/","name":"HiCrypt\u2122 2.0","description":"Die revolution\u00e4re Datenverschl\u00fcsselung f\u00fcr Ihre Netzlaufwerke","potentialAction":[{"@type":"SearchAction","target":{"@type":"EntryPoint","urlTemplate":"https:\/\/hicrypt.com\/?s={search_term_string}"},"query-input":{"@type":"PropertyValueSpecification","valueRequired":true,"valueName":"search_term_string"}}],"inLanguage":"en-US"}]}},"_links":{"self":[{"href":"https:\/\/hicrypt.com\/en\/wp-json\/wp\/v2\/pages\/300","targetHints":{"allow":["GET"]}}],"collection":[{"href":"https:\/\/hicrypt.com\/en\/wp-json\/wp\/v2\/pages"}],"about":[{"href":"https:\/\/hicrypt.com\/en\/wp-json\/wp\/v2\/types\/page"}],"author":[{"embeddable":true,"href":"https:\/\/hicrypt.com\/en\/wp-json\/wp\/v2\/users\/3"}],"replies":[{"embeddable":true,"href":"https:\/\/hicrypt.com\/en\/wp-json\/wp\/v2\/comments?post=300"}],"version-history":[{"count":0,"href":"https:\/\/hicrypt.com\/en\/wp-json\/wp\/v2\/pages\/300\/revisions"}],"wp:attachment":[{"href":"https:\/\/hicrypt.com\/en\/wp-json\/wp\/v2\/media?parent=300"}],"curies":[{"name":"wp","href":"https:\/\/api.w.org\/{rel}","templated":true}]}}