{"id":311,"date":"2018-11-07T00:20:37","date_gmt":"2018-11-06T23:20:37","guid":{"rendered":"https:\/\/hicrypt.com\/copyright\/"},"modified":"2018-11-07T22:39:36","modified_gmt":"2018-11-07T21:39:36","slug":"copyright","status":"publish","type":"page","link":"https:\/\/hicrypt.com\/en\/copyright\/","title":{"rendered":"Brands and Copyright"},"content":{"rendered":"<div class=\"wpb-content-wrapper\"><p>[vc_row][vc_column][vc_column_text]<\/p>\n<h1>Brands and Copyright of digitronic<\/h1>\n<p>[\/vc_column_text][vc_column_text]<\/p>\n<h5>Brands<\/h5>\n<p>All product names and company logos mentioned in the information, documents or other elements of this website may be trademarks of other companies.[\/vc_column_text][vc_column_text]<\/p>\n<h5>Copyright<\/h5>\n<p>\u00a9 Copyright digitronic computersysteme gmbh<\/p>\n<p>All rights reserved. Text, images, graphics, sound, animations and videos and their arrangement on the websites of digitronic computersysteme gmbh are protected by copyright and other property laws. The content of this website may not be copied, distributed, modified or made available to third parties for commercial purpose. Some websites of digitronic computersysteme gmbh also contain pictures which are subject to the copyright of third parties.<\/p>\n<p>The company digitronic computersysteme gmbh checks and updates the information on their websites on a regular basis. Despite all care data may have changed. For that reason digitronic can not guarantee the actuality, accuracy and completeness of the information provided. The same applies to all other websites that may be accessed through hyperlinks on our page. The company digitronic computersysteme gmbh is not responsible for the content of websites which have been accessed through such a link.[\/vc_column_text][\/vc_column][\/vc_row]<\/p>\n<\/div>","protected":false},"excerpt":{"rendered":"<p>[vc_row][vc_column][vc_column_text] Brands and Copyright of digitronic [\/vc_column_text][vc_column_text] Brands All product names and company logos mentioned in the information, documents or other elements of this website may be trademarks of other companies.[\/vc_column_text][vc_column_text] Copyright \u00a9 Copyright digitronic computersysteme gmbh All rights reserved. Text, images, graphics, sound, animations and videos and their arrangement on the websites of digitronic &hellip; <a href=\"https:\/\/hicrypt.com\/en\/copyright\/\" class=\"more-link\">Continue reading<span class=\"screen-reader-text\"> &#8220;Brands and Copyright&#8221;<\/span><\/a><\/p>\n","protected":false},"author":3,"featured_media":0,"parent":0,"menu_order":0,"comment_status":"closed","ping_status":"closed","template":"","meta":{"footnotes":""},"class_list":["post-311","page","type-page","status-publish","hentry"],"yoast_head":"<!-- This site is optimized with the Yoast SEO plugin v27.3 - https:\/\/yoast.com\/product\/yoast-seo-wordpress\/ -->\n<title>Brands and Copyright - HiCrypt\u2122 2.0<\/title>\n<meta name=\"robots\" content=\"index, follow, max-snippet:-1, max-image-preview:large, max-video-preview:-1\" \/>\n<link rel=\"canonical\" href=\"https:\/\/hicrypt.com\/en\/copyright\/\" \/>\n<meta property=\"og:locale\" content=\"en_US\" \/>\n<meta property=\"og:type\" content=\"article\" \/>\n<meta property=\"og:title\" content=\"Brands and Copyright - HiCrypt\u2122 2.0\" \/>\n<meta property=\"og:description\" content=\"[vc_row][vc_column][vc_column_text] Brands and Copyright of digitronic [\/vc_column_text][vc_column_text] Brands All product names and company logos mentioned in the information, documents or other elements of this website may be trademarks of other companies.[\/vc_column_text][vc_column_text] Copyright \u00a9 Copyright digitronic computersysteme gmbh All rights reserved. Text, images, graphics, sound, animations and videos and their arrangement on the websites of digitronic &hellip; Continue reading &quot;Brands and Copyright&quot;\" \/>\n<meta property=\"og:url\" content=\"https:\/\/hicrypt.com\/en\/copyright\/\" \/>\n<meta property=\"og:site_name\" content=\"HiCrypt\u2122 2.0\" \/>\n<meta property=\"article:modified_time\" content=\"2018-11-07T21:39:36+00:00\" \/>\n<meta name=\"twitter:card\" content=\"summary_large_image\" \/>\n<meta name=\"twitter:label1\" content=\"Est. reading time\" \/>\n\t<meta name=\"twitter:data1\" content=\"1 minute\" \/>\n<script type=\"application\/ld+json\" class=\"yoast-schema-graph\">{\"@context\":\"https:\\\/\\\/schema.org\",\"@graph\":[{\"@type\":\"WebPage\",\"@id\":\"https:\\\/\\\/hicrypt.com\\\/en\\\/copyright\\\/\",\"url\":\"https:\\\/\\\/hicrypt.com\\\/en\\\/copyright\\\/\",\"name\":\"Brands and Copyright - HiCrypt\u2122 2.0\",\"isPartOf\":{\"@id\":\"https:\\\/\\\/hicrypt.com\\\/#website\"},\"datePublished\":\"2018-11-06T23:20:37+00:00\",\"dateModified\":\"2018-11-07T21:39:36+00:00\",\"breadcrumb\":{\"@id\":\"https:\\\/\\\/hicrypt.com\\\/en\\\/copyright\\\/#breadcrumb\"},\"inLanguage\":\"en-US\",\"potentialAction\":[{\"@type\":\"ReadAction\",\"target\":[\"https:\\\/\\\/hicrypt.com\\\/en\\\/copyright\\\/\"]}]},{\"@type\":\"BreadcrumbList\",\"@id\":\"https:\\\/\\\/hicrypt.com\\\/en\\\/copyright\\\/#breadcrumb\",\"itemListElement\":[{\"@type\":\"ListItem\",\"position\":1,\"name\":\"Startseite\",\"item\":\"https:\\\/\\\/hicrypt.com\\\/en\\\/\"},{\"@type\":\"ListItem\",\"position\":2,\"name\":\"Brands and Copyright\"}]},{\"@type\":\"WebSite\",\"@id\":\"https:\\\/\\\/hicrypt.com\\\/#website\",\"url\":\"https:\\\/\\\/hicrypt.com\\\/\",\"name\":\"HiCrypt\u2122 2.0\",\"description\":\"Die revolution\u00e4re Datenverschl\u00fcsselung f\u00fcr Ihre Netzlaufwerke\",\"potentialAction\":[{\"@type\":\"SearchAction\",\"target\":{\"@type\":\"EntryPoint\",\"urlTemplate\":\"https:\\\/\\\/hicrypt.com\\\/?s={search_term_string}\"},\"query-input\":{\"@type\":\"PropertyValueSpecification\",\"valueRequired\":true,\"valueName\":\"search_term_string\"}}],\"inLanguage\":\"en-US\"}]}<\/script>\n<!-- \/ Yoast SEO plugin. -->","yoast_head_json":{"title":"Brands and Copyright - HiCrypt\u2122 2.0","robots":{"index":"index","follow":"follow","max-snippet":"max-snippet:-1","max-image-preview":"max-image-preview:large","max-video-preview":"max-video-preview:-1"},"canonical":"https:\/\/hicrypt.com\/en\/copyright\/","og_locale":"en_US","og_type":"article","og_title":"Brands and Copyright - HiCrypt\u2122 2.0","og_description":"[vc_row][vc_column][vc_column_text] Brands and Copyright of digitronic [\/vc_column_text][vc_column_text] Brands All product names and company logos mentioned in the information, documents or other elements of this website may be trademarks of other companies.[\/vc_column_text][vc_column_text] Copyright \u00a9 Copyright digitronic computersysteme gmbh All rights reserved. Text, images, graphics, sound, animations and videos and their arrangement on the websites of digitronic &hellip; Continue reading \"Brands and Copyright\"","og_url":"https:\/\/hicrypt.com\/en\/copyright\/","og_site_name":"HiCrypt\u2122 2.0","article_modified_time":"2018-11-07T21:39:36+00:00","twitter_card":"summary_large_image","twitter_misc":{"Est. reading time":"1 minute"},"schema":{"@context":"https:\/\/schema.org","@graph":[{"@type":"WebPage","@id":"https:\/\/hicrypt.com\/en\/copyright\/","url":"https:\/\/hicrypt.com\/en\/copyright\/","name":"Brands and Copyright - HiCrypt\u2122 2.0","isPartOf":{"@id":"https:\/\/hicrypt.com\/#website"},"datePublished":"2018-11-06T23:20:37+00:00","dateModified":"2018-11-07T21:39:36+00:00","breadcrumb":{"@id":"https:\/\/hicrypt.com\/en\/copyright\/#breadcrumb"},"inLanguage":"en-US","potentialAction":[{"@type":"ReadAction","target":["https:\/\/hicrypt.com\/en\/copyright\/"]}]},{"@type":"BreadcrumbList","@id":"https:\/\/hicrypt.com\/en\/copyright\/#breadcrumb","itemListElement":[{"@type":"ListItem","position":1,"name":"Startseite","item":"https:\/\/hicrypt.com\/en\/"},{"@type":"ListItem","position":2,"name":"Brands and Copyright"}]},{"@type":"WebSite","@id":"https:\/\/hicrypt.com\/#website","url":"https:\/\/hicrypt.com\/","name":"HiCrypt\u2122 2.0","description":"Die revolution\u00e4re Datenverschl\u00fcsselung f\u00fcr Ihre Netzlaufwerke","potentialAction":[{"@type":"SearchAction","target":{"@type":"EntryPoint","urlTemplate":"https:\/\/hicrypt.com\/?s={search_term_string}"},"query-input":{"@type":"PropertyValueSpecification","valueRequired":true,"valueName":"search_term_string"}}],"inLanguage":"en-US"}]}},"_links":{"self":[{"href":"https:\/\/hicrypt.com\/en\/wp-json\/wp\/v2\/pages\/311","targetHints":{"allow":["GET"]}}],"collection":[{"href":"https:\/\/hicrypt.com\/en\/wp-json\/wp\/v2\/pages"}],"about":[{"href":"https:\/\/hicrypt.com\/en\/wp-json\/wp\/v2\/types\/page"}],"author":[{"embeddable":true,"href":"https:\/\/hicrypt.com\/en\/wp-json\/wp\/v2\/users\/3"}],"replies":[{"embeddable":true,"href":"https:\/\/hicrypt.com\/en\/wp-json\/wp\/v2\/comments?post=311"}],"version-history":[{"count":0,"href":"https:\/\/hicrypt.com\/en\/wp-json\/wp\/v2\/pages\/311\/revisions"}],"wp:attachment":[{"href":"https:\/\/hicrypt.com\/en\/wp-json\/wp\/v2\/media?parent=311"}],"curies":[{"name":"wp","href":"https:\/\/api.w.org\/{rel}","templated":true}]}}