{"id":340,"date":"2018-11-07T18:19:37","date_gmt":"2018-11-07T17:19:37","guid":{"rendered":"https:\/\/hicrypt.com\/registrieren\/"},"modified":"2018-11-07T23:21:54","modified_gmt":"2018-11-07T22:21:54","slug":"register","status":"publish","type":"page","link":"https:\/\/hicrypt.com\/en\/register\/","title":{"rendered":"Register"},"content":{"rendered":"<div class=\"wpb-content-wrapper\"><p>[vc_row][vc_column][vc_column_text]<\/p>\n<h1>Register<\/h1>\n<p>[\/vc_column_text][\/vc_column][\/vc_row][vc_row][vc_column][vc_column_text]<div class=\"everest-forms\"><div class=\"evf-container default\" id=\"evf-220\"><form id=\"evf-form-220\" class=\"everest-form\" data-formid=\"220\" data-ajax_submission=\"0\" data-keyboard_friendly_form=\"0\" data-form_state_type=\"\" method=\"post\" enctype=\"multipart\/form-data\" action=\"\/en\/wp-json\/wp\/v2\/pages\/340\"><div class=\"evf-field-container\"><input type=\"hidden\" id=\"_wpnonce220\" name=\"_wpnonce220\" value=\"e87a120b35\" \/><input type=\"hidden\" name=\"_wp_http_referer\" value=\"\/en\/wp-json\/wp\/v2\/pages\/340\" \/><div class=\"evf-frontend-row\" data-row=\"row_1\" conditional_rules=\"[]\"><div class=\"evf-frontend-grid evf-grid-1\" data-grid=\"grid_1\"><div id=\"evf-220-field_e29g6cRui0-1-container\" class=\"evf-field evf-field-first-name form-row vorname validate-required\" data-required-field-message=\"This field is required.\" data-field-id=\"e29g6cRui0-1\"><label class=\"evf-field-label\" for=\"evf-220-field_e29g6cRui0-1\"><span class=\"evf-label\">First Name<\/span> <abbr class=\"required\" title=\"Required\">*<\/abbr><\/label><input type=\"text\" id=\"evf-220-field_e29g6cRui0-1\" class=\"input-text\" name=\"everest_forms[form_fields][e29g6cRui0-1]\" required><\/div><div id=\"evf-220-field_fullname-container\" class=\"evf-field evf-field-text form-row name validate-required\" data-required-field-message=\"This field is required.\" data-field-id=\"fullname\"><label class=\"evf-field-label\" for=\"evf-220-field_fullname\"><span class=\"evf-label\">Name<\/span> <abbr class=\"required\" title=\"Required\">*<\/abbr><\/label><input type=\"text\" id=\"evf-220-field_fullname\" class=\"input-text\" name=\"everest_forms[form_fields][fullname]\" required><\/div><div id=\"evf-220-field_email-container\" class=\"evf-field evf-field-email form-row email validate-required validate-email\" data-required-field-message=\"Please enter a valid email address.\" data-field-id=\"email\"><label class=\"evf-field-label\" for=\"evf-220-field_email\"><span class=\"evf-label\">Email<\/span> <abbr class=\"required\" title=\"Required\">*<\/abbr><\/label><input type=\"email\" id=\"evf-220-field_email\" class=\"input-text\" name=\"everest_forms[form_fields][email]\" required ><\/div><div id=\"evf-220-field_l0zHSRzpTF-8-container\" class=\"evf-field evf-field-text form-row firma\" data-field-id=\"l0zHSRzpTF-8\"><label class=\"evf-field-label\" for=\"evf-220-field_l0zHSRzpTF-8\"><span class=\"evf-label\">Company<\/span> <\/label><input type=\"text\" id=\"evf-220-field_l0zHSRzpTF-8\" class=\"input-text\" name=\"everest_forms[form_fields][l0zHSRzpTF-8]\" ><\/div><div id=\"evf-220-field_HCHlmLIOEG-7-container\" class=\"evf-field evf-field-text form-row strasse\" data-field-id=\"HCHlmLIOEG-7\"><label class=\"evf-field-label\" for=\"evf-220-field_HCHlmLIOEG-7\"><span class=\"evf-label\">Street and Number<\/span> <\/label><input type=\"text\" id=\"evf-220-field_HCHlmLIOEG-7\" class=\"input-text\" name=\"everest_forms[form_fields][HCHlmLIOEG-7]\" ><\/div><div id=\"evf-220-field_oGJfI8pl1i-6-container\" class=\"evf-field evf-field-text form-row plz\" data-field-id=\"oGJfI8pl1i-6\"><label class=\"evf-field-label\" for=\"evf-220-field_oGJfI8pl1i-6\"><span class=\"evf-label\">Zip<\/span> <\/label><input type=\"text\" id=\"evf-220-field_oGJfI8pl1i-6\" class=\"input-text\" name=\"everest_forms[form_fields][oGJfI8pl1i-6]\" ><\/div><div id=\"evf-220-field_dJMAfzZl7L-5-container\" class=\"evf-field evf-field-text form-row ort\" data-field-id=\"dJMAfzZl7L-5\"><label class=\"evf-field-label\" for=\"evf-220-field_dJMAfzZl7L-5\"><span class=\"evf-label\">City<\/span> <\/label><input type=\"text\" id=\"evf-220-field_dJMAfzZl7L-5\" class=\"input-text\" name=\"everest_forms[form_fields][dJMAfzZl7L-5]\" ><\/div><div id=\"evf-220-field_WkpjIYyx6w-2-container\" class=\"evf-field evf-field-text form-row land\" data-field-id=\"WkpjIYyx6w-2\"><label class=\"evf-field-label\" for=\"evf-220-field_WkpjIYyx6w-2\"><span class=\"evf-label\">Country<\/span> <\/label><input type=\"text\" id=\"evf-220-field_WkpjIYyx6w-2\" class=\"input-text\" name=\"everest_forms[form_fields][WkpjIYyx6w-2]\" ><\/div><div id=\"evf-220-field_sYVBlaidDr-3-container\" class=\"evf-field evf-field-text form-row telefon\" data-field-id=\"sYVBlaidDr-3\"><label class=\"evf-field-label\" for=\"evf-220-field_sYVBlaidDr-3\"><span class=\"evf-label\">Phone<\/span> <\/label><input type=\"text\" id=\"evf-220-field_sYVBlaidDr-3\" class=\"input-text\" name=\"everest_forms[form_fields][sYVBlaidDr-3]\" ><\/div><div id=\"evf-220-field_FMHqpFZXys-4-container\" class=\"evf-field evf-field-text form-row fax\" data-field-id=\"FMHqpFZXys-4\"><label class=\"evf-field-label\" for=\"evf-220-field_FMHqpFZXys-4\"><span class=\"evf-label\">Fax<\/span> <\/label><input type=\"text\" id=\"evf-220-field_FMHqpFZXys-4\" class=\"input-text\" name=\"everest_forms[form_fields][FMHqpFZXys-4]\" ><\/div><\/div><\/div><\/div><div class=\"evf-honeypot-container evf-field-hp\"><label for=\"evf-220-field-hp\" class=\"evf-field-label\">Name<\/label><input type=\"text\" name=\"everest_forms[hp]\" id=\"evf-220-field-hp\" class=\"input-text\"><\/div><div class=\"evf-submit-container \" ><input type=\"hidden\" name=\"everest_forms[id]\" value=\"220\"><input type=\"hidden\" name=\"everest_forms[author]\" value=\"3\"><button type='submit' name='everest_forms[submit]' class='everest-forms-submit-button button evf-submit ' id='evf-submit-220' value='evf-submit' data-process-text=\"Processing\u2026\" conditional_rules='&quot;&quot;' conditional_id='evf-submit-220'  id=\"evf-submit-220\" aria-live=\"assertive\">Register now and download HiCrypt\u2122 2.0<\/button><\/div><\/form><\/div><!-- .evf-container --><\/div>[\/vc_column_text][\/vc_column][\/vc_row]<\/p>\n<\/div>","protected":false},"excerpt":{"rendered":"<p>[vc_row][vc_column][vc_column_text] Register [\/vc_column_text][\/vc_column][\/vc_row][vc_row][vc_column][vc_column_text][\/vc_column_text][\/vc_column][\/vc_row]<\/p>\n","protected":false},"author":3,"featured_media":0,"parent":0,"menu_order":0,"comment_status":"closed","ping_status":"closed","template":"","meta":{"footnotes":""},"class_list":["post-340","page","type-page","status-publish","hentry"],"yoast_head":"<!-- This site is optimized with the Yoast SEO plugin v27.3 - https:\/\/yoast.com\/product\/yoast-seo-wordpress\/ -->\n<title>Register - HiCrypt\u2122 2.0<\/title>\n<meta name=\"robots\" content=\"index, follow, max-snippet:-1, max-image-preview:large, max-video-preview:-1\" \/>\n<link rel=\"canonical\" href=\"https:\/\/hicrypt.com\/en\/register\/\" \/>\n<meta property=\"og:locale\" content=\"en_US\" \/>\n<meta property=\"og:type\" content=\"article\" \/>\n<meta property=\"og:title\" content=\"Register - HiCrypt\u2122 2.0\" \/>\n<meta property=\"og:description\" content=\"[vc_row][vc_column][vc_column_text] Register [\/vc_column_text][\/vc_column][\/vc_row][vc_row][vc_column][vc_column_text][\/vc_column_text][\/vc_column][\/vc_row]\" \/>\n<meta property=\"og:url\" content=\"https:\/\/hicrypt.com\/en\/register\/\" \/>\n<meta property=\"og:site_name\" content=\"HiCrypt\u2122 2.0\" \/>\n<meta property=\"article:modified_time\" content=\"2018-11-07T22:21:54+00:00\" \/>\n<meta name=\"twitter:card\" content=\"summary_large_image\" \/>\n<script type=\"application\/ld+json\" class=\"yoast-schema-graph\">{\"@context\":\"https:\\\/\\\/schema.org\",\"@graph\":[{\"@type\":\"WebPage\",\"@id\":\"https:\\\/\\\/hicrypt.com\\\/en\\\/register\\\/\",\"url\":\"https:\\\/\\\/hicrypt.com\\\/en\\\/register\\\/\",\"name\":\"Register - HiCrypt\u2122 2.0\",\"isPartOf\":{\"@id\":\"https:\\\/\\\/hicrypt.com\\\/#website\"},\"datePublished\":\"2018-11-07T17:19:37+00:00\",\"dateModified\":\"2018-11-07T22:21:54+00:00\",\"breadcrumb\":{\"@id\":\"https:\\\/\\\/hicrypt.com\\\/en\\\/register\\\/#breadcrumb\"},\"inLanguage\":\"en-US\",\"potentialAction\":[{\"@type\":\"ReadAction\",\"target\":[\"https:\\\/\\\/hicrypt.com\\\/en\\\/register\\\/\"]}]},{\"@type\":\"BreadcrumbList\",\"@id\":\"https:\\\/\\\/hicrypt.com\\\/en\\\/register\\\/#breadcrumb\",\"itemListElement\":[{\"@type\":\"ListItem\",\"position\":1,\"name\":\"Startseite\",\"item\":\"https:\\\/\\\/hicrypt.com\\\/en\\\/\"},{\"@type\":\"ListItem\",\"position\":2,\"name\":\"Register\"}]},{\"@type\":\"WebSite\",\"@id\":\"https:\\\/\\\/hicrypt.com\\\/#website\",\"url\":\"https:\\\/\\\/hicrypt.com\\\/\",\"name\":\"HiCrypt\u2122 2.0\",\"description\":\"Die revolution\u00e4re Datenverschl\u00fcsselung f\u00fcr Ihre Netzlaufwerke\",\"potentialAction\":[{\"@type\":\"SearchAction\",\"target\":{\"@type\":\"EntryPoint\",\"urlTemplate\":\"https:\\\/\\\/hicrypt.com\\\/?s={search_term_string}\"},\"query-input\":{\"@type\":\"PropertyValueSpecification\",\"valueRequired\":true,\"valueName\":\"search_term_string\"}}],\"inLanguage\":\"en-US\"}]}<\/script>\n<!-- \/ Yoast SEO plugin. -->","yoast_head_json":{"title":"Register - HiCrypt\u2122 2.0","robots":{"index":"index","follow":"follow","max-snippet":"max-snippet:-1","max-image-preview":"max-image-preview:large","max-video-preview":"max-video-preview:-1"},"canonical":"https:\/\/hicrypt.com\/en\/register\/","og_locale":"en_US","og_type":"article","og_title":"Register - HiCrypt\u2122 2.0","og_description":"[vc_row][vc_column][vc_column_text] Register [\/vc_column_text][\/vc_column][\/vc_row][vc_row][vc_column][vc_column_text][\/vc_column_text][\/vc_column][\/vc_row]","og_url":"https:\/\/hicrypt.com\/en\/register\/","og_site_name":"HiCrypt\u2122 2.0","article_modified_time":"2018-11-07T22:21:54+00:00","twitter_card":"summary_large_image","schema":{"@context":"https:\/\/schema.org","@graph":[{"@type":"WebPage","@id":"https:\/\/hicrypt.com\/en\/register\/","url":"https:\/\/hicrypt.com\/en\/register\/","name":"Register - HiCrypt\u2122 2.0","isPartOf":{"@id":"https:\/\/hicrypt.com\/#website"},"datePublished":"2018-11-07T17:19:37+00:00","dateModified":"2018-11-07T22:21:54+00:00","breadcrumb":{"@id":"https:\/\/hicrypt.com\/en\/register\/#breadcrumb"},"inLanguage":"en-US","potentialAction":[{"@type":"ReadAction","target":["https:\/\/hicrypt.com\/en\/register\/"]}]},{"@type":"BreadcrumbList","@id":"https:\/\/hicrypt.com\/en\/register\/#breadcrumb","itemListElement":[{"@type":"ListItem","position":1,"name":"Startseite","item":"https:\/\/hicrypt.com\/en\/"},{"@type":"ListItem","position":2,"name":"Register"}]},{"@type":"WebSite","@id":"https:\/\/hicrypt.com\/#website","url":"https:\/\/hicrypt.com\/","name":"HiCrypt\u2122 2.0","description":"Die revolution\u00e4re Datenverschl\u00fcsselung f\u00fcr Ihre Netzlaufwerke","potentialAction":[{"@type":"SearchAction","target":{"@type":"EntryPoint","urlTemplate":"https:\/\/hicrypt.com\/?s={search_term_string}"},"query-input":{"@type":"PropertyValueSpecification","valueRequired":true,"valueName":"search_term_string"}}],"inLanguage":"en-US"}]}},"_links":{"self":[{"href":"https:\/\/hicrypt.com\/en\/wp-json\/wp\/v2\/pages\/340","targetHints":{"allow":["GET"]}}],"collection":[{"href":"https:\/\/hicrypt.com\/en\/wp-json\/wp\/v2\/pages"}],"about":[{"href":"https:\/\/hicrypt.com\/en\/wp-json\/wp\/v2\/types\/page"}],"author":[{"embeddable":true,"href":"https:\/\/hicrypt.com\/en\/wp-json\/wp\/v2\/users\/3"}],"replies":[{"embeddable":true,"href":"https:\/\/hicrypt.com\/en\/wp-json\/wp\/v2\/comments?post=340"}],"version-history":[{"count":0,"href":"https:\/\/hicrypt.com\/en\/wp-json\/wp\/v2\/pages\/340\/revisions"}],"wp:attachment":[{"href":"https:\/\/hicrypt.com\/en\/wp-json\/wp\/v2\/media?parent=340"}],"curies":[{"name":"wp","href":"https:\/\/api.w.org\/{rel}","templated":true}]}}